{"id":278,"date":"2022-01-11T11:03:42","date_gmt":"2022-01-11T10:03:42","guid":{"rendered":"https:\/\/www.ismreves.be\/primaire\/?page_id=278"},"modified":"2025-09-01T11:56:21","modified_gmt":"2025-09-01T09:56:21","slug":"notre-equipe","status":"publish","type":"page","link":"https:\/\/www.ismreves.be\/primaire\/?page_id=278","title":{"rendered":"Notre \u00e9quipe"},"content":{"rendered":"\n<p>Les enseignants de 1\u00e8re ann\u00e9e :<\/p>\n\n\n\n<p class=\"has-vivid-green-cyan-color has-text-color\">1A : Madame Cathy <\/p>\n\n\n\n<p class=\"has-vivid-green-cyan-color has-text-color\">1B : Madame St\u00e9phanie<\/p>\n\n\n\n<p class=\"has-vivid-green-cyan-color has-text-color has-link-color wp-elements-4c4c20c5e01b19d1bf6ef694af2baafd\">1C : Madame Carole et Monsieur Aur\u00e9lien<\/p>\n\n\n\n<p>Les enseignantes de 2\u00e8me ann\u00e9e : <\/p>\n\n\n\n<p class=\"has-vivid-green-cyan-color has-text-color\">2A : Madame C\u00e9line<\/p>\n\n\n\n<p class=\"has-vivid-green-cyan-color has-text-color\">2B : Madame C\u00e9phora<\/p>\n\n\n\n<p class=\"has-black-color has-text-color\">Les enseignantes de 3\u00e8me ann\u00e9e : <\/p>\n\n\n\n<p class=\"has-vivid-green-cyan-color has-text-color\">3A : Madame Bachelart<\/p>\n\n\n\n<p class=\"has-vivid-green-cyan-color has-text-color\">3B : Madame Marie<\/p>\n\n\n\n<p class=\"has-vivid-green-cyan-color has-text-color has-link-color wp-elements-67b135b5b0dbdf841f3730b09fa4ef8f\">3C : Madame Asia<\/p>\n\n\n\n<p>Les enseignants de 4\u00e8me ann\u00e9e : <\/p>\n\n\n\n<p class=\"has-vivid-green-cyan-color has-text-color\">4A : Madame Pi\u00e9rard<\/p>\n\n\n\n<p class=\"has-vivid-green-cyan-color has-text-color\">4B : Monsieur R\u00e9my<\/p>\n\n\n\n<p>Les enseignantes de 5\u00e8me ann\u00e9e : <\/p>\n\n\n\n<p class=\"has-vivid-green-cyan-color has-text-color\">5A : Madame Sauveni\u00e8re <\/p>\n\n\n\n<p class=\"has-vivid-green-cyan-color has-text-color\">5B : Madame Wiame et Madame Van Renterghem<\/p>\n\n\n\n<p class=\"has-vivid-green-cyan-color has-text-color\">5C : Madame Toussaint<\/p>\n\n\n\n<p>Les enseignantes de 6\u00e8me ann\u00e9e<\/p>\n\n\n\n<p class=\"has-vivid-green-cyan-color has-text-color\">6A : Madame Sophie et Madame Renterghem<\/p>\n\n\n\n<p class=\"has-vivid-green-cyan-color has-text-color\">6B : Madame Pauline<\/p>\n\n\n\n<p class=\"has-vivid-green-cyan-color has-text-color\">6C : Madame Petit-Barreau<\/p>\n\n\n\n<p>Les enseignants d&rsquo;\u00e9ducation physique<\/p>\n\n\n\n<p class=\"has-vivid-green-cyan-color has-text-color\">Monsieur Gabriel<\/p>\n\n\n\n<p class=\"has-vivid-green-cyan-color has-text-color\">Madame Charlotte<\/p>\n\n\n\n<p class=\"has-vivid-green-cyan-color has-text-color has-link-color wp-elements-7a1247be2347fe9a575fac6957185cb8\">Monsieur Xavier<\/p>\n\n\n\n<p>Les enseignantes de n\u00e9erlandais et anglais<\/p>\n\n\n\n<p class=\"has-vivid-green-cyan-color has-text-color\">Madame Nonnon<\/p>\n\n\n\n<p class=\"has-vivid-green-cyan-color has-text-color has-link-color wp-elements-aa5e5297a60495adbe52b28a85fac4b4\">Madame Depret<\/p>\n\n\n\n<p class=\"has-vivid-green-cyan-color has-text-color\">Juf Fran\u00e7oise<\/p>\n\n\n\n<p>Les polyvalents <\/p>\n\n\n\n<p class=\"has-vivid-green-cyan-color has-text-color\">Madame Val\u00e9rie<\/p>\n\n\n\n<p class=\"has-vivid-green-cyan-color has-text-color\">Monsieur Aur\u00e9lien<\/p>\n\n\n\n<p class=\"has-vivid-green-cyan-color has-text-color has-link-color wp-elements-e0b9a1f5ff7e861c719186bdbe506ddd\">Madame V\u00e9ronique<\/p>\n\n\n\n<figure class=\"wp-block-image size-large\"><img loading=\"lazy\" decoding=\"async\" width=\"1024\" height=\"402\" src=\"https:\/\/www.ismreves.be\/primaire\/wp-content\/uploads\/2025\/09\/2205_w048_n004_129b_p1_129-1024x402.jpg\" alt=\"\" class=\"wp-image-427\" srcset=\"https:\/\/www.ismreves.be\/primaire\/wp-content\/uploads\/2025\/09\/2205_w048_n004_129b_p1_129-1024x402.jpg 1024w, https:\/\/www.ismreves.be\/primaire\/wp-content\/uploads\/2025\/09\/2205_w048_n004_129b_p1_129-300x118.jpg 300w, https:\/\/www.ismreves.be\/primaire\/wp-content\/uploads\/2025\/09\/2205_w048_n004_129b_p1_129-768x301.jpg 768w, https:\/\/www.ismreves.be\/primaire\/wp-content\/uploads\/2025\/09\/2205_w048_n004_129b_p1_129-1536x602.jpg 1536w, https:\/\/www.ismreves.be\/primaire\/wp-content\/uploads\/2025\/09\/2205_w048_n004_129b_p1_129-2048x803.jpg 2048w\" sizes=\"auto, (max-width: 1024px) 100vw, 1024px\" \/><\/figure>\n","protected":false},"excerpt":{"rendered":"<p>Les enseignants de 1\u00e8re ann\u00e9e : 1A : Madame Cathy 1B : Madame St\u00e9phanie 1C : Madame Carole et Monsieur Aur\u00e9lien Les enseignantes de 2\u00e8me ann\u00e9e : 2A : Madame C\u00e9line 2B : Madame C\u00e9phora Les enseignantes de 3\u00e8me ann\u00e9e : 3A : Madame Bachelart 3B : Madame Marie 3C : Madame Asia Les enseignants de 4\u00e8me ann\u00e9e : 4A [&hellip;]<\/p>\n","protected":false},"author":1,"featured_media":427,"parent":0,"menu_order":0,"comment_status":"closed","ping_status":"closed","template":"","meta":{"footnotes":""},"class_list":["post-278","page","type-page","status-publish","has-post-thumbnail","hentry"],"yoast_head":"<!-- This site is optimized with the Yoast SEO plugin v26.5 - https:\/\/yoast.com\/wordpress\/plugins\/seo\/ -->\n<title>Notre \u00e9quipe - ISM Reves Primaire<\/title>\n<meta name=\"robots\" content=\"index, follow, max-snippet:-1, max-image-preview:large, max-video-preview:-1\" \/>\n<link rel=\"canonical\" href=\"https:\/\/www.ismreves.be\/primaire\/?page_id=278\" \/>\n<meta property=\"og:locale\" content=\"fr_FR\" \/>\n<meta property=\"og:type\" content=\"article\" \/>\n<meta property=\"og:title\" content=\"Notre \u00e9quipe - ISM Reves Primaire\" \/>\n<meta property=\"og:description\" content=\"Les enseignants de 1\u00e8re ann\u00e9e : 1A : Madame Cathy 1B : Madame St\u00e9phanie 1C : Madame Carole et Monsieur Aur\u00e9lien Les enseignantes de 2\u00e8me ann\u00e9e : 2A : Madame C\u00e9line 2B : Madame C\u00e9phora Les enseignantes de 3\u00e8me ann\u00e9e : 3A : Madame Bachelart 3B : Madame Marie 3C : Madame Asia Les enseignants de 4\u00e8me ann\u00e9e : 4A [&hellip;]\" \/>\n<meta property=\"og:url\" content=\"https:\/\/www.ismreves.be\/primaire\/?page_id=278\" \/>\n<meta property=\"og:site_name\" content=\"ISM Reves Primaire\" \/>\n<meta property=\"article:modified_time\" content=\"2025-09-01T09:56:21+00:00\" \/>\n<meta property=\"og:image\" content=\"https:\/\/www.ismreves.be\/primaire\/wp-content\/uploads\/2025\/09\/2205_w048_n004_129b_p1_129-scaled.jpg\" \/>\n\t<meta property=\"og:image:width\" content=\"2560\" \/>\n\t<meta property=\"og:image:height\" content=\"1004\" \/>\n\t<meta property=\"og:image:type\" content=\"image\/jpeg\" \/>\n<meta name=\"twitter:card\" content=\"summary_large_image\" \/>\n<meta name=\"twitter:label1\" content=\"Dur\u00e9e de lecture est.\" \/>\n\t<meta name=\"twitter:data1\" content=\"1 minute\" \/>\n<script type=\"application\/ld+json\" class=\"yoast-schema-graph\">{\"@context\":\"https:\/\/schema.org\",\"@graph\":[{\"@type\":\"WebPage\",\"@id\":\"https:\/\/www.ismreves.be\/primaire\/?page_id=278\",\"url\":\"https:\/\/www.ismreves.be\/primaire\/?page_id=278\",\"name\":\"Notre \u00e9quipe - ISM Reves Primaire\",\"isPartOf\":{\"@id\":\"https:\/\/www.ismreves.be\/primaire\/#website\"},\"primaryImageOfPage\":{\"@id\":\"https:\/\/www.ismreves.be\/primaire\/?page_id=278#primaryimage\"},\"image\":{\"@id\":\"https:\/\/www.ismreves.be\/primaire\/?page_id=278#primaryimage\"},\"thumbnailUrl\":\"https:\/\/www.ismreves.be\/primaire\/wp-content\/uploads\/2025\/09\/2205_w048_n004_129b_p1_129-scaled.jpg\",\"datePublished\":\"2022-01-11T10:03:42+00:00\",\"dateModified\":\"2025-09-01T09:56:21+00:00\",\"breadcrumb\":{\"@id\":\"https:\/\/www.ismreves.be\/primaire\/?page_id=278#breadcrumb\"},\"inLanguage\":\"fr-BE\",\"potentialAction\":[{\"@type\":\"ReadAction\",\"target\":[\"https:\/\/www.ismreves.be\/primaire\/?page_id=278\"]}]},{\"@type\":\"ImageObject\",\"inLanguage\":\"fr-BE\",\"@id\":\"https:\/\/www.ismreves.be\/primaire\/?page_id=278#primaryimage\",\"url\":\"https:\/\/www.ismreves.be\/primaire\/wp-content\/uploads\/2025\/09\/2205_w048_n004_129b_p1_129-scaled.jpg\",\"contentUrl\":\"https:\/\/www.ismreves.be\/primaire\/wp-content\/uploads\/2025\/09\/2205_w048_n004_129b_p1_129-scaled.jpg\",\"width\":2560,\"height\":1004,\"caption\":\"Diverse students with books in school, college or university. Multiracial pupils teen girls and boys with bags and textbooks waving hands, chatting. Classmates study Line art flat vector illustration\"},{\"@type\":\"BreadcrumbList\",\"@id\":\"https:\/\/www.ismreves.be\/primaire\/?page_id=278#breadcrumb\",\"itemListElement\":[{\"@type\":\"ListItem\",\"position\":1,\"name\":\"Accueil\",\"item\":\"https:\/\/www.ismreves.be\/primaire\"},{\"@type\":\"ListItem\",\"position\":2,\"name\":\"Notre \u00e9quipe\"}]},{\"@type\":\"WebSite\",\"@id\":\"https:\/\/www.ismreves.be\/primaire\/#website\",\"url\":\"https:\/\/www.ismreves.be\/primaire\/\",\"name\":\"ISM Reves Primaire\",\"description\":\"Enseignement primaire\",\"publisher\":{\"@id\":\"https:\/\/www.ismreves.be\/primaire\/#organization\"},\"potentialAction\":[{\"@type\":\"SearchAction\",\"target\":{\"@type\":\"EntryPoint\",\"urlTemplate\":\"https:\/\/www.ismreves.be\/primaire\/?s={search_term_string}\"},\"query-input\":{\"@type\":\"PropertyValueSpecification\",\"valueRequired\":true,\"valueName\":\"search_term_string\"}}],\"inLanguage\":\"fr-BE\"},{\"@type\":\"Organization\",\"@id\":\"https:\/\/www.ismreves.be\/primaire\/#organization\",\"name\":\"ISM Reves Primaire\",\"url\":\"https:\/\/www.ismreves.be\/primaire\/\",\"logo\":{\"@type\":\"ImageObject\",\"inLanguage\":\"fr-BE\",\"@id\":\"https:\/\/www.ismreves.be\/primaire\/#\/schema\/logo\/image\/\",\"url\":\"https:\/\/www.ismreves.be\/primaire\/wp-content\/uploads\/2025\/09\/cropped-Logo-Ecole.png\",\"contentUrl\":\"https:\/\/www.ismreves.be\/primaire\/wp-content\/uploads\/2025\/09\/cropped-Logo-Ecole.png\",\"width\":1187,\"height\":711,\"caption\":\"ISM Reves Primaire\"},\"image\":{\"@id\":\"https:\/\/www.ismreves.be\/primaire\/#\/schema\/logo\/image\/\"}}]}<\/script>\n<!-- \/ Yoast SEO plugin. -->","yoast_head_json":{"title":"Notre \u00e9quipe - ISM Reves Primaire","robots":{"index":"index","follow":"follow","max-snippet":"max-snippet:-1","max-image-preview":"max-image-preview:large","max-video-preview":"max-video-preview:-1"},"canonical":"https:\/\/www.ismreves.be\/primaire\/?page_id=278","og_locale":"fr_FR","og_type":"article","og_title":"Notre \u00e9quipe - ISM Reves Primaire","og_description":"Les enseignants de 1\u00e8re ann\u00e9e : 1A : Madame Cathy 1B : Madame St\u00e9phanie 1C : Madame Carole et Monsieur Aur\u00e9lien Les enseignantes de 2\u00e8me ann\u00e9e : 2A : Madame C\u00e9line 2B : Madame C\u00e9phora Les enseignantes de 3\u00e8me ann\u00e9e : 3A : Madame Bachelart 3B : Madame Marie 3C : Madame Asia Les enseignants de 4\u00e8me ann\u00e9e : 4A [&hellip;]","og_url":"https:\/\/www.ismreves.be\/primaire\/?page_id=278","og_site_name":"ISM Reves Primaire","article_modified_time":"2025-09-01T09:56:21+00:00","og_image":[{"width":2560,"height":1004,"url":"https:\/\/www.ismreves.be\/primaire\/wp-content\/uploads\/2025\/09\/2205_w048_n004_129b_p1_129-scaled.jpg","type":"image\/jpeg"}],"twitter_card":"summary_large_image","twitter_misc":{"Dur\u00e9e de lecture est.":"1 minute"},"schema":{"@context":"https:\/\/schema.org","@graph":[{"@type":"WebPage","@id":"https:\/\/www.ismreves.be\/primaire\/?page_id=278","url":"https:\/\/www.ismreves.be\/primaire\/?page_id=278","name":"Notre \u00e9quipe - ISM Reves Primaire","isPartOf":{"@id":"https:\/\/www.ismreves.be\/primaire\/#website"},"primaryImageOfPage":{"@id":"https:\/\/www.ismreves.be\/primaire\/?page_id=278#primaryimage"},"image":{"@id":"https:\/\/www.ismreves.be\/primaire\/?page_id=278#primaryimage"},"thumbnailUrl":"https:\/\/www.ismreves.be\/primaire\/wp-content\/uploads\/2025\/09\/2205_w048_n004_129b_p1_129-scaled.jpg","datePublished":"2022-01-11T10:03:42+00:00","dateModified":"2025-09-01T09:56:21+00:00","breadcrumb":{"@id":"https:\/\/www.ismreves.be\/primaire\/?page_id=278#breadcrumb"},"inLanguage":"fr-BE","potentialAction":[{"@type":"ReadAction","target":["https:\/\/www.ismreves.be\/primaire\/?page_id=278"]}]},{"@type":"ImageObject","inLanguage":"fr-BE","@id":"https:\/\/www.ismreves.be\/primaire\/?page_id=278#primaryimage","url":"https:\/\/www.ismreves.be\/primaire\/wp-content\/uploads\/2025\/09\/2205_w048_n004_129b_p1_129-scaled.jpg","contentUrl":"https:\/\/www.ismreves.be\/primaire\/wp-content\/uploads\/2025\/09\/2205_w048_n004_129b_p1_129-scaled.jpg","width":2560,"height":1004,"caption":"Diverse students with books in school, college or university. Multiracial pupils teen girls and boys with bags and textbooks waving hands, chatting. Classmates study Line art flat vector illustration"},{"@type":"BreadcrumbList","@id":"https:\/\/www.ismreves.be\/primaire\/?page_id=278#breadcrumb","itemListElement":[{"@type":"ListItem","position":1,"name":"Accueil","item":"https:\/\/www.ismreves.be\/primaire"},{"@type":"ListItem","position":2,"name":"Notre \u00e9quipe"}]},{"@type":"WebSite","@id":"https:\/\/www.ismreves.be\/primaire\/#website","url":"https:\/\/www.ismreves.be\/primaire\/","name":"ISM Reves Primaire","description":"Enseignement primaire","publisher":{"@id":"https:\/\/www.ismreves.be\/primaire\/#organization"},"potentialAction":[{"@type":"SearchAction","target":{"@type":"EntryPoint","urlTemplate":"https:\/\/www.ismreves.be\/primaire\/?s={search_term_string}"},"query-input":{"@type":"PropertyValueSpecification","valueRequired":true,"valueName":"search_term_string"}}],"inLanguage":"fr-BE"},{"@type":"Organization","@id":"https:\/\/www.ismreves.be\/primaire\/#organization","name":"ISM Reves Primaire","url":"https:\/\/www.ismreves.be\/primaire\/","logo":{"@type":"ImageObject","inLanguage":"fr-BE","@id":"https:\/\/www.ismreves.be\/primaire\/#\/schema\/logo\/image\/","url":"https:\/\/www.ismreves.be\/primaire\/wp-content\/uploads\/2025\/09\/cropped-Logo-Ecole.png","contentUrl":"https:\/\/www.ismreves.be\/primaire\/wp-content\/uploads\/2025\/09\/cropped-Logo-Ecole.png","width":1187,"height":711,"caption":"ISM Reves Primaire"},"image":{"@id":"https:\/\/www.ismreves.be\/primaire\/#\/schema\/logo\/image\/"}}]}},"_links":{"self":[{"href":"https:\/\/www.ismreves.be\/primaire\/index.php?rest_route=\/wp\/v2\/pages\/278","targetHints":{"allow":["GET"]}}],"collection":[{"href":"https:\/\/www.ismreves.be\/primaire\/index.php?rest_route=\/wp\/v2\/pages"}],"about":[{"href":"https:\/\/www.ismreves.be\/primaire\/index.php?rest_route=\/wp\/v2\/types\/page"}],"author":[{"embeddable":true,"href":"https:\/\/www.ismreves.be\/primaire\/index.php?rest_route=\/wp\/v2\/users\/1"}],"replies":[{"embeddable":true,"href":"https:\/\/www.ismreves.be\/primaire\/index.php?rest_route=%2Fwp%2Fv2%2Fcomments&post=278"}],"version-history":[{"count":6,"href":"https:\/\/www.ismreves.be\/primaire\/index.php?rest_route=\/wp\/v2\/pages\/278\/revisions"}],"predecessor-version":[{"id":430,"href":"https:\/\/www.ismreves.be\/primaire\/index.php?rest_route=\/wp\/v2\/pages\/278\/revisions\/430"}],"wp:featuredmedia":[{"embeddable":true,"href":"https:\/\/www.ismreves.be\/primaire\/index.php?rest_route=\/wp\/v2\/media\/427"}],"wp:attachment":[{"href":"https:\/\/www.ismreves.be\/primaire\/index.php?rest_route=%2Fwp%2Fv2%2Fmedia&parent=278"}],"curies":[{"name":"wp","href":"https:\/\/api.w.org\/{rel}","templated":true}]}}