{"id":275,"date":"2022-01-11T11:00:05","date_gmt":"2022-01-11T10:00:05","guid":{"rendered":"https:\/\/www.ismreves.be\/primaire\/?page_id=275"},"modified":"2022-01-13T11:20:25","modified_gmt":"2022-01-13T10:20:25","slug":"extrascolaire","status":"publish","type":"page","link":"https:\/\/www.ismreves.be\/primaire\/?page_id=275","title":{"rendered":"Extrascolaire"},"content":{"rendered":"\n<p>Notre \u00e9cole a la chance de pouvoir b\u00e9n\u00e9ficier de l&rsquo;encadrement d&rsquo;All\u00f4 Candy.<\/p>\n\n\n\n<p>Ce sont en effet, ces accueillants qui g\u00e8rent les p\u00e9riodes non p\u00e9dagogiques de l&rsquo;\u00e9cole.<\/p>\n\n\n\n<p>Leur travail ne se limite pas \u00e0 l&rsquo;ann\u00e9e scolaire, ils sont \u00e9galement pr\u00e9sents lors de cong\u00e9s scolaires et des vacances d&rsquo;\u00e9t\u00e9.<\/p>\n","protected":false},"excerpt":{"rendered":"<p>Notre \u00e9cole a la chance de pouvoir b\u00e9n\u00e9ficier de l&rsquo;encadrement d&rsquo;All\u00f4 Candy. Ce sont en effet, ces accueillants qui g\u00e8rent les p\u00e9riodes non p\u00e9dagogiques de l&rsquo;\u00e9cole. Leur travail ne se limite pas \u00e0 l&rsquo;ann\u00e9e scolaire, ils sont \u00e9galement pr\u00e9sents lors de cong\u00e9s scolaires et des vacances d&rsquo;\u00e9t\u00e9.<\/p>\n","protected":false},"author":1,"featured_media":0,"parent":0,"menu_order":0,"comment_status":"closed","ping_status":"closed","template":"","meta":{"footnotes":""},"class_list":["post-275","page","type-page","status-publish","hentry"],"yoast_head":"<!-- This site is optimized with the Yoast SEO plugin v26.5 - https:\/\/yoast.com\/wordpress\/plugins\/seo\/ -->\n<title>Extrascolaire - ISM Reves Primaire<\/title>\n<meta name=\"robots\" content=\"index, follow, max-snippet:-1, max-image-preview:large, max-video-preview:-1\" \/>\n<link rel=\"canonical\" href=\"https:\/\/www.ismreves.be\/primaire\/?page_id=275\" \/>\n<meta property=\"og:locale\" content=\"fr_FR\" \/>\n<meta property=\"og:type\" content=\"article\" \/>\n<meta property=\"og:title\" content=\"Extrascolaire - ISM Reves Primaire\" \/>\n<meta property=\"og:description\" content=\"Notre \u00e9cole a la chance de pouvoir b\u00e9n\u00e9ficier de l&rsquo;encadrement d&rsquo;All\u00f4 Candy. Ce sont en effet, ces accueillants qui g\u00e8rent les p\u00e9riodes non p\u00e9dagogiques de l&rsquo;\u00e9cole. Leur travail ne se limite pas \u00e0 l&rsquo;ann\u00e9e scolaire, ils sont \u00e9galement pr\u00e9sents lors de cong\u00e9s scolaires et des vacances d&rsquo;\u00e9t\u00e9.\" \/>\n<meta property=\"og:url\" content=\"https:\/\/www.ismreves.be\/primaire\/?page_id=275\" \/>\n<meta property=\"og:site_name\" content=\"ISM Reves Primaire\" \/>\n<meta property=\"article:modified_time\" content=\"2022-01-13T10:20:25+00:00\" \/>\n<meta name=\"twitter:card\" content=\"summary_large_image\" \/>\n<meta name=\"twitter:label1\" content=\"Dur\u00e9e de lecture est.\" \/>\n\t<meta name=\"twitter:data1\" content=\"1 minute\" \/>\n<script type=\"application\/ld+json\" class=\"yoast-schema-graph\">{\"@context\":\"https:\/\/schema.org\",\"@graph\":[{\"@type\":\"WebPage\",\"@id\":\"https:\/\/www.ismreves.be\/primaire\/?page_id=275\",\"url\":\"https:\/\/www.ismreves.be\/primaire\/?page_id=275\",\"name\":\"Extrascolaire - ISM Reves Primaire\",\"isPartOf\":{\"@id\":\"https:\/\/www.ismreves.be\/primaire\/#website\"},\"datePublished\":\"2022-01-11T10:00:05+00:00\",\"dateModified\":\"2022-01-13T10:20:25+00:00\",\"breadcrumb\":{\"@id\":\"https:\/\/www.ismreves.be\/primaire\/?page_id=275#breadcrumb\"},\"inLanguage\":\"fr-BE\",\"potentialAction\":[{\"@type\":\"ReadAction\",\"target\":[\"https:\/\/www.ismreves.be\/primaire\/?page_id=275\"]}]},{\"@type\":\"BreadcrumbList\",\"@id\":\"https:\/\/www.ismreves.be\/primaire\/?page_id=275#breadcrumb\",\"itemListElement\":[{\"@type\":\"ListItem\",\"position\":1,\"name\":\"Accueil\",\"item\":\"https:\/\/www.ismreves.be\/primaire\"},{\"@type\":\"ListItem\",\"position\":2,\"name\":\"Extrascolaire\"}]},{\"@type\":\"WebSite\",\"@id\":\"https:\/\/www.ismreves.be\/primaire\/#website\",\"url\":\"https:\/\/www.ismreves.be\/primaire\/\",\"name\":\"ISM Reves Primaire\",\"description\":\"Enseignement primaire\",\"publisher\":{\"@id\":\"https:\/\/www.ismreves.be\/primaire\/#organization\"},\"potentialAction\":[{\"@type\":\"SearchAction\",\"target\":{\"@type\":\"EntryPoint\",\"urlTemplate\":\"https:\/\/www.ismreves.be\/primaire\/?s={search_term_string}\"},\"query-input\":{\"@type\":\"PropertyValueSpecification\",\"valueRequired\":true,\"valueName\":\"search_term_string\"}}],\"inLanguage\":\"fr-BE\"},{\"@type\":\"Organization\",\"@id\":\"https:\/\/www.ismreves.be\/primaire\/#organization\",\"name\":\"ISM Reves Primaire\",\"url\":\"https:\/\/www.ismreves.be\/primaire\/\",\"logo\":{\"@type\":\"ImageObject\",\"inLanguage\":\"fr-BE\",\"@id\":\"https:\/\/www.ismreves.be\/primaire\/#\/schema\/logo\/image\/\",\"url\":\"https:\/\/www.ismreves.be\/primaire\/wp-content\/uploads\/2025\/09\/cropped-Logo-Ecole.png\",\"contentUrl\":\"https:\/\/www.ismreves.be\/primaire\/wp-content\/uploads\/2025\/09\/cropped-Logo-Ecole.png\",\"width\":1187,\"height\":711,\"caption\":\"ISM Reves Primaire\"},\"image\":{\"@id\":\"https:\/\/www.ismreves.be\/primaire\/#\/schema\/logo\/image\/\"}}]}<\/script>\n<!-- \/ Yoast SEO plugin. -->","yoast_head_json":{"title":"Extrascolaire - ISM Reves Primaire","robots":{"index":"index","follow":"follow","max-snippet":"max-snippet:-1","max-image-preview":"max-image-preview:large","max-video-preview":"max-video-preview:-1"},"canonical":"https:\/\/www.ismreves.be\/primaire\/?page_id=275","og_locale":"fr_FR","og_type":"article","og_title":"Extrascolaire - ISM Reves Primaire","og_description":"Notre \u00e9cole a la chance de pouvoir b\u00e9n\u00e9ficier de l&rsquo;encadrement d&rsquo;All\u00f4 Candy. Ce sont en effet, ces accueillants qui g\u00e8rent les p\u00e9riodes non p\u00e9dagogiques de l&rsquo;\u00e9cole. Leur travail ne se limite pas \u00e0 l&rsquo;ann\u00e9e scolaire, ils sont \u00e9galement pr\u00e9sents lors de cong\u00e9s scolaires et des vacances d&rsquo;\u00e9t\u00e9.","og_url":"https:\/\/www.ismreves.be\/primaire\/?page_id=275","og_site_name":"ISM Reves Primaire","article_modified_time":"2022-01-13T10:20:25+00:00","twitter_card":"summary_large_image","twitter_misc":{"Dur\u00e9e de lecture est.":"1 minute"},"schema":{"@context":"https:\/\/schema.org","@graph":[{"@type":"WebPage","@id":"https:\/\/www.ismreves.be\/primaire\/?page_id=275","url":"https:\/\/www.ismreves.be\/primaire\/?page_id=275","name":"Extrascolaire - ISM Reves Primaire","isPartOf":{"@id":"https:\/\/www.ismreves.be\/primaire\/#website"},"datePublished":"2022-01-11T10:00:05+00:00","dateModified":"2022-01-13T10:20:25+00:00","breadcrumb":{"@id":"https:\/\/www.ismreves.be\/primaire\/?page_id=275#breadcrumb"},"inLanguage":"fr-BE","potentialAction":[{"@type":"ReadAction","target":["https:\/\/www.ismreves.be\/primaire\/?page_id=275"]}]},{"@type":"BreadcrumbList","@id":"https:\/\/www.ismreves.be\/primaire\/?page_id=275#breadcrumb","itemListElement":[{"@type":"ListItem","position":1,"name":"Accueil","item":"https:\/\/www.ismreves.be\/primaire"},{"@type":"ListItem","position":2,"name":"Extrascolaire"}]},{"@type":"WebSite","@id":"https:\/\/www.ismreves.be\/primaire\/#website","url":"https:\/\/www.ismreves.be\/primaire\/","name":"ISM Reves Primaire","description":"Enseignement primaire","publisher":{"@id":"https:\/\/www.ismreves.be\/primaire\/#organization"},"potentialAction":[{"@type":"SearchAction","target":{"@type":"EntryPoint","urlTemplate":"https:\/\/www.ismreves.be\/primaire\/?s={search_term_string}"},"query-input":{"@type":"PropertyValueSpecification","valueRequired":true,"valueName":"search_term_string"}}],"inLanguage":"fr-BE"},{"@type":"Organization","@id":"https:\/\/www.ismreves.be\/primaire\/#organization","name":"ISM Reves Primaire","url":"https:\/\/www.ismreves.be\/primaire\/","logo":{"@type":"ImageObject","inLanguage":"fr-BE","@id":"https:\/\/www.ismreves.be\/primaire\/#\/schema\/logo\/image\/","url":"https:\/\/www.ismreves.be\/primaire\/wp-content\/uploads\/2025\/09\/cropped-Logo-Ecole.png","contentUrl":"https:\/\/www.ismreves.be\/primaire\/wp-content\/uploads\/2025\/09\/cropped-Logo-Ecole.png","width":1187,"height":711,"caption":"ISM Reves Primaire"},"image":{"@id":"https:\/\/www.ismreves.be\/primaire\/#\/schema\/logo\/image\/"}}]}},"_links":{"self":[{"href":"https:\/\/www.ismreves.be\/primaire\/index.php?rest_route=\/wp\/v2\/pages\/275","targetHints":{"allow":["GET"]}}],"collection":[{"href":"https:\/\/www.ismreves.be\/primaire\/index.php?rest_route=\/wp\/v2\/pages"}],"about":[{"href":"https:\/\/www.ismreves.be\/primaire\/index.php?rest_route=\/wp\/v2\/types\/page"}],"author":[{"embeddable":true,"href":"https:\/\/www.ismreves.be\/primaire\/index.php?rest_route=\/wp\/v2\/users\/1"}],"replies":[{"embeddable":true,"href":"https:\/\/www.ismreves.be\/primaire\/index.php?rest_route=%2Fwp%2Fv2%2Fcomments&post=275"}],"version-history":[{"count":3,"href":"https:\/\/www.ismreves.be\/primaire\/index.php?rest_route=\/wp\/v2\/pages\/275\/revisions"}],"predecessor-version":[{"id":322,"href":"https:\/\/www.ismreves.be\/primaire\/index.php?rest_route=\/wp\/v2\/pages\/275\/revisions\/322"}],"wp:attachment":[{"href":"https:\/\/www.ismreves.be\/primaire\/index.php?rest_route=%2Fwp%2Fv2%2Fmedia&parent=275"}],"curies":[{"name":"wp","href":"https:\/\/api.w.org\/{rel}","templated":true}]}}