{"id":253,"date":"2022-01-11T08:56:00","date_gmt":"2022-01-11T07:56:00","guid":{"rendered":"https:\/\/www.ismreves.be\/primaire\/?page_id=253"},"modified":"2025-09-16T12:05:41","modified_gmt":"2025-09-16T10:05:41","slug":"projet-educatif-et-pedagogique","status":"publish","type":"page","link":"https:\/\/www.ismreves.be\/primaire\/?page_id=253","title":{"rendered":"Projet \u00e9ducatif et p\u00e9dagogique"},"content":{"rendered":"\n<p>\u00c0 une \u00e9poque marqu\u00e9e par la pr\u00e9sence d\u2019un individualisme sans cesse exacerb\u00e9<br>autant que par l\u2019importance croissante du groupe, beaucoup de personnes se<br>trouvent dans un isolement conjugu\u00e9 \u00e0 une (inter)d\u00e9pendance toujours grandissante,<br>le tout dans un contexte d\u2019\u00e9cart de fortune (richesse ou pauvret\u00e9), de situations<br>sociales (travail ou ch\u00f4mage), d\u2019ambigu\u00eft\u00e9s philosophiques (perte de fr\u00e9quentation<br>religieuse ou prolif\u00e9ration des sectes), dans un monde marqu\u00e9 de conflits locaux ou<br>r\u00e9gionaux : c\u2019est le monde d\u2019aujourd\u2019hui&#8230;<\/p>\n\n\n\n<p><br>H\u00e9ritier de la tradition marianiste, le pouvoir organisateur de l\u2019Institut Sainte-Marie est<br>soucieux d\u2019inventer des approches originales pour procurer \u00e0 tous une \u00e9ducation<br>solide, bas\u00e9e sur la vision de l\u2019homme et l\u2019appr\u00e9ciation des choses que donne la foi<br>chr\u00e9tienne.<\/p>\n\n\n\n<p><br>Le pouvoir organisateur et la communaut\u00e9 enti\u00e8re de l\u2019Institut rencontrent les<br>objectifs du d\u00e9cret promulgu\u00e9 par la Communaut\u00e9 fran\u00e7aise de Belgique fixant les<br>missions de l\u2019\u00e9cole. Ces missions peuvent \u00eatre focalis\u00e9es selon les trois axes<br>suivants :<\/p>\n\n\n\n<ol class=\"wp-block-list\">\n<li>L\u2019enseignement doit promouvoir le d\u00e9veloppement de la totalit\u00e9 de la personne de <br>chacun des \u00e9l\u00e8ves.<\/li>\n\n\n\n<li>L\u2019enseignement, en amenant les jeunes \u00e0 construire leur savoir, doit les conduire <br>\u00e0 prendre une place active dans la vie culturelle, \u00e9conomique et sociale.<\/li>\n\n\n\n<li>L\u2019enseignement doit amener les jeunes \u00e0 \u00eatre des citoyens responsables dans une <br>soci\u00e9t\u00e9 libre.<\/li>\n<\/ol>\n\n\n\n<p><br>Ces trois \u00e9pures rejoignent l\u2019esprit du document publi\u00e9 par le Conseil g\u00e9n\u00e9ral de<br>l\u2019enseignement catholique, intitul\u00e9 \u00ab Mission de l\u2019\u00e9cole chr\u00e9tienne \u00bb que les<br>acteurs p\u00e9dagogiques de l\u2019Institut connaissent et appliquent d\u00e9j\u00e0.<\/p>\n\n\n\n<div data-wp-interactive=\"core\/file\" class=\"wp-block-file\"><object data-wp-bind--hidden=\"!state.hasPdfPreview\" hidden class=\"wp-block-file__embed\" data=\"https:\/\/www.ismreves.be\/primaire\/wp-content\/uploads\/2025\/09\/Projet-decole.pdf\" type=\"application\/pdf\" style=\"width:100%;height:600px\" aria-label=\"Contenu embarqu\u00e9 Projet d&apos;\u00e9cole.\"><\/object><a id=\"wp-block-file--media-5a264d58-482f-4309-8b11-bf8fe096811e\" href=\"https:\/\/www.ismreves.be\/primaire\/wp-content\/uploads\/2025\/09\/Projet-decole.pdf\">Projet d&rsquo;\u00e9cole<\/a><a href=\"https:\/\/www.ismreves.be\/primaire\/wp-content\/uploads\/2025\/09\/Projet-decole.pdf\" class=\"wp-block-file__button wp-element-button\" download aria-describedby=\"wp-block-file--media-5a264d58-482f-4309-8b11-bf8fe096811e\">T\u00e9l\u00e9charger<\/a><\/div>\n\n\n\n<div data-wp-interactive=\"core\/file\" class=\"wp-block-file\"><object data-wp-bind--hidden=\"!state.hasPdfPreview\" hidden class=\"wp-block-file__embed\" data=\"https:\/\/www.ismreves.be\/primaire\/wp-content\/uploads\/2025\/09\/Reglement-des-etudes.pdf\" type=\"application\/pdf\" style=\"width:100%;height:600px\" aria-label=\"Contenu embarqu\u00e9 R\u00e8glement des \u00e9tudes.\"><\/object><a id=\"wp-block-file--media-1d5dfadd-6284-4acf-9872-35d10ec53bc9\" href=\"https:\/\/www.ismreves.be\/primaire\/wp-content\/uploads\/2025\/09\/Reglement-des-etudes.pdf\">R\u00e8glement des \u00e9tudes<\/a><a href=\"https:\/\/www.ismreves.be\/primaire\/wp-content\/uploads\/2025\/09\/Reglement-des-etudes.pdf\" class=\"wp-block-file__button wp-element-button\" download aria-describedby=\"wp-block-file--media-1d5dfadd-6284-4acf-9872-35d10ec53bc9\">T\u00e9l\u00e9charger<\/a><\/div>\n\n\n\n<p><\/p>\n","protected":false},"excerpt":{"rendered":"<p>\u00c0 une \u00e9poque marqu\u00e9e par la pr\u00e9sence d\u2019un individualisme sans cesse exacerb\u00e9autant que par l\u2019importance croissante du groupe, beaucoup de personnes setrouvent dans un isolement conjugu\u00e9 \u00e0 une (inter)d\u00e9pendance toujours grandissante,le tout dans un contexte d\u2019\u00e9cart de fortune (richesse ou pauvret\u00e9), de situationssociales (travail ou ch\u00f4mage), d\u2019ambigu\u00eft\u00e9s philosophiques (perte de fr\u00e9quentationreligieuse ou prolif\u00e9ration des sectes), dans un monde marqu\u00e9 de [&hellip;]<\/p>\n","protected":false},"author":1,"featured_media":0,"parent":0,"menu_order":0,"comment_status":"closed","ping_status":"closed","template":"","meta":{"footnotes":""},"class_list":["post-253","page","type-page","status-publish","hentry"],"yoast_head":"<!-- This site is optimized with the Yoast SEO plugin v26.5 - https:\/\/yoast.com\/wordpress\/plugins\/seo\/ -->\n<title>Projet \u00e9ducatif et p\u00e9dagogique - ISM Reves Primaire<\/title>\n<meta name=\"robots\" content=\"index, follow, max-snippet:-1, max-image-preview:large, max-video-preview:-1\" \/>\n<link rel=\"canonical\" href=\"https:\/\/www.ismreves.be\/primaire\/?page_id=253\" \/>\n<meta property=\"og:locale\" content=\"fr_FR\" \/>\n<meta property=\"og:type\" content=\"article\" \/>\n<meta property=\"og:title\" content=\"Projet \u00e9ducatif et p\u00e9dagogique - ISM Reves Primaire\" \/>\n<meta property=\"og:description\" content=\"\u00c0 une \u00e9poque marqu\u00e9e par la pr\u00e9sence d\u2019un individualisme sans cesse exacerb\u00e9autant que par l\u2019importance croissante du groupe, beaucoup de personnes setrouvent dans un isolement conjugu\u00e9 \u00e0 une (inter)d\u00e9pendance toujours grandissante,le tout dans un contexte d\u2019\u00e9cart de fortune (richesse ou pauvret\u00e9), de situationssociales (travail ou ch\u00f4mage), d\u2019ambigu\u00eft\u00e9s philosophiques (perte de fr\u00e9quentationreligieuse ou prolif\u00e9ration des sectes), dans un monde marqu\u00e9 de [&hellip;]\" \/>\n<meta property=\"og:url\" content=\"https:\/\/www.ismreves.be\/primaire\/?page_id=253\" \/>\n<meta property=\"og:site_name\" content=\"ISM Reves Primaire\" \/>\n<meta property=\"article:modified_time\" content=\"2025-09-16T10:05:41+00:00\" \/>\n<meta name=\"twitter:card\" content=\"summary_large_image\" \/>\n<meta name=\"twitter:label1\" content=\"Dur\u00e9e de lecture est.\" \/>\n\t<meta name=\"twitter:data1\" content=\"2 minutes\" \/>\n<script type=\"application\/ld+json\" class=\"yoast-schema-graph\">{\"@context\":\"https:\/\/schema.org\",\"@graph\":[{\"@type\":\"WebPage\",\"@id\":\"https:\/\/www.ismreves.be\/primaire\/?page_id=253\",\"url\":\"https:\/\/www.ismreves.be\/primaire\/?page_id=253\",\"name\":\"Projet \u00e9ducatif et p\u00e9dagogique - ISM Reves Primaire\",\"isPartOf\":{\"@id\":\"https:\/\/www.ismreves.be\/primaire\/#website\"},\"datePublished\":\"2022-01-11T07:56:00+00:00\",\"dateModified\":\"2025-09-16T10:05:41+00:00\",\"breadcrumb\":{\"@id\":\"https:\/\/www.ismreves.be\/primaire\/?page_id=253#breadcrumb\"},\"inLanguage\":\"fr-BE\",\"potentialAction\":[{\"@type\":\"ReadAction\",\"target\":[\"https:\/\/www.ismreves.be\/primaire\/?page_id=253\"]}]},{\"@type\":\"BreadcrumbList\",\"@id\":\"https:\/\/www.ismreves.be\/primaire\/?page_id=253#breadcrumb\",\"itemListElement\":[{\"@type\":\"ListItem\",\"position\":1,\"name\":\"Accueil\",\"item\":\"https:\/\/www.ismreves.be\/primaire\"},{\"@type\":\"ListItem\",\"position\":2,\"name\":\"Projet \u00e9ducatif et p\u00e9dagogique\"}]},{\"@type\":\"WebSite\",\"@id\":\"https:\/\/www.ismreves.be\/primaire\/#website\",\"url\":\"https:\/\/www.ismreves.be\/primaire\/\",\"name\":\"ISM Reves Primaire\",\"description\":\"Enseignement primaire\",\"publisher\":{\"@id\":\"https:\/\/www.ismreves.be\/primaire\/#organization\"},\"potentialAction\":[{\"@type\":\"SearchAction\",\"target\":{\"@type\":\"EntryPoint\",\"urlTemplate\":\"https:\/\/www.ismreves.be\/primaire\/?s={search_term_string}\"},\"query-input\":{\"@type\":\"PropertyValueSpecification\",\"valueRequired\":true,\"valueName\":\"search_term_string\"}}],\"inLanguage\":\"fr-BE\"},{\"@type\":\"Organization\",\"@id\":\"https:\/\/www.ismreves.be\/primaire\/#organization\",\"name\":\"ISM Reves Primaire\",\"url\":\"https:\/\/www.ismreves.be\/primaire\/\",\"logo\":{\"@type\":\"ImageObject\",\"inLanguage\":\"fr-BE\",\"@id\":\"https:\/\/www.ismreves.be\/primaire\/#\/schema\/logo\/image\/\",\"url\":\"https:\/\/www.ismreves.be\/primaire\/wp-content\/uploads\/2025\/09\/cropped-Logo-Ecole.png\",\"contentUrl\":\"https:\/\/www.ismreves.be\/primaire\/wp-content\/uploads\/2025\/09\/cropped-Logo-Ecole.png\",\"width\":1187,\"height\":711,\"caption\":\"ISM Reves Primaire\"},\"image\":{\"@id\":\"https:\/\/www.ismreves.be\/primaire\/#\/schema\/logo\/image\/\"}}]}<\/script>\n<!-- \/ Yoast SEO plugin. -->","yoast_head_json":{"title":"Projet \u00e9ducatif et p\u00e9dagogique - ISM Reves Primaire","robots":{"index":"index","follow":"follow","max-snippet":"max-snippet:-1","max-image-preview":"max-image-preview:large","max-video-preview":"max-video-preview:-1"},"canonical":"https:\/\/www.ismreves.be\/primaire\/?page_id=253","og_locale":"fr_FR","og_type":"article","og_title":"Projet \u00e9ducatif et p\u00e9dagogique - ISM Reves Primaire","og_description":"\u00c0 une \u00e9poque marqu\u00e9e par la pr\u00e9sence d\u2019un individualisme sans cesse exacerb\u00e9autant que par l\u2019importance croissante du groupe, beaucoup de personnes setrouvent dans un isolement conjugu\u00e9 \u00e0 une (inter)d\u00e9pendance toujours grandissante,le tout dans un contexte d\u2019\u00e9cart de fortune (richesse ou pauvret\u00e9), de situationssociales (travail ou ch\u00f4mage), d\u2019ambigu\u00eft\u00e9s philosophiques (perte de fr\u00e9quentationreligieuse ou prolif\u00e9ration des sectes), dans un monde marqu\u00e9 de [&hellip;]","og_url":"https:\/\/www.ismreves.be\/primaire\/?page_id=253","og_site_name":"ISM Reves Primaire","article_modified_time":"2025-09-16T10:05:41+00:00","twitter_card":"summary_large_image","twitter_misc":{"Dur\u00e9e de lecture est.":"2 minutes"},"schema":{"@context":"https:\/\/schema.org","@graph":[{"@type":"WebPage","@id":"https:\/\/www.ismreves.be\/primaire\/?page_id=253","url":"https:\/\/www.ismreves.be\/primaire\/?page_id=253","name":"Projet \u00e9ducatif et p\u00e9dagogique - ISM Reves Primaire","isPartOf":{"@id":"https:\/\/www.ismreves.be\/primaire\/#website"},"datePublished":"2022-01-11T07:56:00+00:00","dateModified":"2025-09-16T10:05:41+00:00","breadcrumb":{"@id":"https:\/\/www.ismreves.be\/primaire\/?page_id=253#breadcrumb"},"inLanguage":"fr-BE","potentialAction":[{"@type":"ReadAction","target":["https:\/\/www.ismreves.be\/primaire\/?page_id=253"]}]},{"@type":"BreadcrumbList","@id":"https:\/\/www.ismreves.be\/primaire\/?page_id=253#breadcrumb","itemListElement":[{"@type":"ListItem","position":1,"name":"Accueil","item":"https:\/\/www.ismreves.be\/primaire"},{"@type":"ListItem","position":2,"name":"Projet \u00e9ducatif et p\u00e9dagogique"}]},{"@type":"WebSite","@id":"https:\/\/www.ismreves.be\/primaire\/#website","url":"https:\/\/www.ismreves.be\/primaire\/","name":"ISM Reves Primaire","description":"Enseignement primaire","publisher":{"@id":"https:\/\/www.ismreves.be\/primaire\/#organization"},"potentialAction":[{"@type":"SearchAction","target":{"@type":"EntryPoint","urlTemplate":"https:\/\/www.ismreves.be\/primaire\/?s={search_term_string}"},"query-input":{"@type":"PropertyValueSpecification","valueRequired":true,"valueName":"search_term_string"}}],"inLanguage":"fr-BE"},{"@type":"Organization","@id":"https:\/\/www.ismreves.be\/primaire\/#organization","name":"ISM Reves Primaire","url":"https:\/\/www.ismreves.be\/primaire\/","logo":{"@type":"ImageObject","inLanguage":"fr-BE","@id":"https:\/\/www.ismreves.be\/primaire\/#\/schema\/logo\/image\/","url":"https:\/\/www.ismreves.be\/primaire\/wp-content\/uploads\/2025\/09\/cropped-Logo-Ecole.png","contentUrl":"https:\/\/www.ismreves.be\/primaire\/wp-content\/uploads\/2025\/09\/cropped-Logo-Ecole.png","width":1187,"height":711,"caption":"ISM Reves Primaire"},"image":{"@id":"https:\/\/www.ismreves.be\/primaire\/#\/schema\/logo\/image\/"}}]}},"_links":{"self":[{"href":"https:\/\/www.ismreves.be\/primaire\/index.php?rest_route=\/wp\/v2\/pages\/253","targetHints":{"allow":["GET"]}}],"collection":[{"href":"https:\/\/www.ismreves.be\/primaire\/index.php?rest_route=\/wp\/v2\/pages"}],"about":[{"href":"https:\/\/www.ismreves.be\/primaire\/index.php?rest_route=\/wp\/v2\/types\/page"}],"author":[{"embeddable":true,"href":"https:\/\/www.ismreves.be\/primaire\/index.php?rest_route=\/wp\/v2\/users\/1"}],"replies":[{"embeddable":true,"href":"https:\/\/www.ismreves.be\/primaire\/index.php?rest_route=%2Fwp%2Fv2%2Fcomments&post=253"}],"version-history":[{"count":5,"href":"https:\/\/www.ismreves.be\/primaire\/index.php?rest_route=\/wp\/v2\/pages\/253\/revisions"}],"predecessor-version":[{"id":465,"href":"https:\/\/www.ismreves.be\/primaire\/index.php?rest_route=\/wp\/v2\/pages\/253\/revisions\/465"}],"wp:attachment":[{"href":"https:\/\/www.ismreves.be\/primaire\/index.php?rest_route=%2Fwp%2Fv2%2Fmedia&parent=253"}],"curies":[{"name":"wp","href":"https:\/\/api.w.org\/{rel}","templated":true}]}}