{"id":228,"date":"2022-01-11T08:31:56","date_gmt":"2022-01-11T07:31:56","guid":{"rendered":"https:\/\/www.ismreves.be\/primaire\/?page_id=228"},"modified":"2025-09-24T12:04:16","modified_gmt":"2025-09-24T10:04:16","slug":"inscriptions","status":"publish","type":"page","link":"https:\/\/www.ismreves.be\/primaire\/?page_id=228","title":{"rendered":"Inscriptions"},"content":{"rendered":"\n<p>Pour toutes nouvelles inscriptions, veuillez t\u00e9l\u00e9charger le document d&rsquo;inscription ci-dessous et nous le renvoyer \u00e0 l&rsquo;adresse suivante: <strong>secretariat [AT] ismrevesprimaire.be<\/strong><\/p>\n\n\n\n<div class=\"wp-block-file\"><a id=\"wp-block-file--media-b7ef53ea-85a4-471c-aa14-07e890cfe225\" href=\"https:\/\/www.ismreves.be\/primaire\/wp-content\/uploads\/2025\/09\/Fiche-inscription-2026-2027.doc\">Fiche inscription 2026 -2027<\/a><a href=\"https:\/\/www.ismreves.be\/primaire\/wp-content\/uploads\/2025\/09\/Fiche-inscription-2026-2027.doc\" class=\"wp-block-file__button wp-element-button\" download aria-describedby=\"wp-block-file--media-b7ef53ea-85a4-471c-aa14-07e890cfe225\">T\u00e9l\u00e9charger<\/a><\/div>\n","protected":false},"excerpt":{"rendered":"<p>Pour toutes nouvelles inscriptions, veuillez t\u00e9l\u00e9charger le document d&rsquo;inscription ci-dessous et nous le renvoyer \u00e0 l&rsquo;adresse suivante: secretariat [AT] ismrevesprimaire.be<\/p>\n","protected":false},"author":1,"featured_media":0,"parent":0,"menu_order":0,"comment_status":"closed","ping_status":"closed","template":"","meta":{"footnotes":""},"class_list":["post-228","page","type-page","status-publish","hentry"],"yoast_head":"<!-- This site is optimized with the Yoast SEO plugin v26.5 - https:\/\/yoast.com\/wordpress\/plugins\/seo\/ -->\n<title>Inscriptions - ISM Reves Primaire<\/title>\n<meta name=\"robots\" content=\"index, follow, max-snippet:-1, max-image-preview:large, max-video-preview:-1\" \/>\n<link rel=\"canonical\" href=\"https:\/\/www.ismreves.be\/primaire\/?page_id=228\" \/>\n<meta property=\"og:locale\" content=\"fr_FR\" \/>\n<meta property=\"og:type\" content=\"article\" \/>\n<meta property=\"og:title\" content=\"Inscriptions - ISM Reves Primaire\" \/>\n<meta property=\"og:description\" content=\"Pour toutes nouvelles inscriptions, veuillez t\u00e9l\u00e9charger le document d&rsquo;inscription ci-dessous et nous le renvoyer \u00e0 l&rsquo;adresse suivante: secretariat [AT] ismrevesprimaire.be\" \/>\n<meta property=\"og:url\" content=\"https:\/\/www.ismreves.be\/primaire\/?page_id=228\" \/>\n<meta property=\"og:site_name\" content=\"ISM Reves Primaire\" \/>\n<meta property=\"article:modified_time\" content=\"2025-09-24T10:04:16+00:00\" \/>\n<meta name=\"twitter:card\" content=\"summary_large_image\" \/>\n<meta name=\"twitter:label1\" content=\"Dur\u00e9e de lecture est.\" \/>\n\t<meta name=\"twitter:data1\" content=\"1 minute\" \/>\n<script type=\"application\/ld+json\" class=\"yoast-schema-graph\">{\"@context\":\"https:\/\/schema.org\",\"@graph\":[{\"@type\":\"WebPage\",\"@id\":\"https:\/\/www.ismreves.be\/primaire\/?page_id=228\",\"url\":\"https:\/\/www.ismreves.be\/primaire\/?page_id=228\",\"name\":\"Inscriptions - ISM Reves Primaire\",\"isPartOf\":{\"@id\":\"https:\/\/www.ismreves.be\/primaire\/#website\"},\"datePublished\":\"2022-01-11T07:31:56+00:00\",\"dateModified\":\"2025-09-24T10:04:16+00:00\",\"breadcrumb\":{\"@id\":\"https:\/\/www.ismreves.be\/primaire\/?page_id=228#breadcrumb\"},\"inLanguage\":\"fr-BE\",\"potentialAction\":[{\"@type\":\"ReadAction\",\"target\":[\"https:\/\/www.ismreves.be\/primaire\/?page_id=228\"]}]},{\"@type\":\"BreadcrumbList\",\"@id\":\"https:\/\/www.ismreves.be\/primaire\/?page_id=228#breadcrumb\",\"itemListElement\":[{\"@type\":\"ListItem\",\"position\":1,\"name\":\"Accueil\",\"item\":\"https:\/\/www.ismreves.be\/primaire\"},{\"@type\":\"ListItem\",\"position\":2,\"name\":\"Inscriptions\"}]},{\"@type\":\"WebSite\",\"@id\":\"https:\/\/www.ismreves.be\/primaire\/#website\",\"url\":\"https:\/\/www.ismreves.be\/primaire\/\",\"name\":\"ISM Reves Primaire\",\"description\":\"Enseignement primaire\",\"publisher\":{\"@id\":\"https:\/\/www.ismreves.be\/primaire\/#organization\"},\"potentialAction\":[{\"@type\":\"SearchAction\",\"target\":{\"@type\":\"EntryPoint\",\"urlTemplate\":\"https:\/\/www.ismreves.be\/primaire\/?s={search_term_string}\"},\"query-input\":{\"@type\":\"PropertyValueSpecification\",\"valueRequired\":true,\"valueName\":\"search_term_string\"}}],\"inLanguage\":\"fr-BE\"},{\"@type\":\"Organization\",\"@id\":\"https:\/\/www.ismreves.be\/primaire\/#organization\",\"name\":\"ISM Reves Primaire\",\"url\":\"https:\/\/www.ismreves.be\/primaire\/\",\"logo\":{\"@type\":\"ImageObject\",\"inLanguage\":\"fr-BE\",\"@id\":\"https:\/\/www.ismreves.be\/primaire\/#\/schema\/logo\/image\/\",\"url\":\"https:\/\/www.ismreves.be\/primaire\/wp-content\/uploads\/2025\/09\/cropped-Logo-Ecole.png\",\"contentUrl\":\"https:\/\/www.ismreves.be\/primaire\/wp-content\/uploads\/2025\/09\/cropped-Logo-Ecole.png\",\"width\":1187,\"height\":711,\"caption\":\"ISM Reves Primaire\"},\"image\":{\"@id\":\"https:\/\/www.ismreves.be\/primaire\/#\/schema\/logo\/image\/\"}}]}<\/script>\n<!-- \/ Yoast SEO plugin. -->","yoast_head_json":{"title":"Inscriptions - ISM Reves Primaire","robots":{"index":"index","follow":"follow","max-snippet":"max-snippet:-1","max-image-preview":"max-image-preview:large","max-video-preview":"max-video-preview:-1"},"canonical":"https:\/\/www.ismreves.be\/primaire\/?page_id=228","og_locale":"fr_FR","og_type":"article","og_title":"Inscriptions - ISM Reves Primaire","og_description":"Pour toutes nouvelles inscriptions, veuillez t\u00e9l\u00e9charger le document d&rsquo;inscription ci-dessous et nous le renvoyer \u00e0 l&rsquo;adresse suivante: secretariat [AT] ismrevesprimaire.be","og_url":"https:\/\/www.ismreves.be\/primaire\/?page_id=228","og_site_name":"ISM Reves Primaire","article_modified_time":"2025-09-24T10:04:16+00:00","twitter_card":"summary_large_image","twitter_misc":{"Dur\u00e9e de lecture est.":"1 minute"},"schema":{"@context":"https:\/\/schema.org","@graph":[{"@type":"WebPage","@id":"https:\/\/www.ismreves.be\/primaire\/?page_id=228","url":"https:\/\/www.ismreves.be\/primaire\/?page_id=228","name":"Inscriptions - ISM Reves Primaire","isPartOf":{"@id":"https:\/\/www.ismreves.be\/primaire\/#website"},"datePublished":"2022-01-11T07:31:56+00:00","dateModified":"2025-09-24T10:04:16+00:00","breadcrumb":{"@id":"https:\/\/www.ismreves.be\/primaire\/?page_id=228#breadcrumb"},"inLanguage":"fr-BE","potentialAction":[{"@type":"ReadAction","target":["https:\/\/www.ismreves.be\/primaire\/?page_id=228"]}]},{"@type":"BreadcrumbList","@id":"https:\/\/www.ismreves.be\/primaire\/?page_id=228#breadcrumb","itemListElement":[{"@type":"ListItem","position":1,"name":"Accueil","item":"https:\/\/www.ismreves.be\/primaire"},{"@type":"ListItem","position":2,"name":"Inscriptions"}]},{"@type":"WebSite","@id":"https:\/\/www.ismreves.be\/primaire\/#website","url":"https:\/\/www.ismreves.be\/primaire\/","name":"ISM Reves Primaire","description":"Enseignement primaire","publisher":{"@id":"https:\/\/www.ismreves.be\/primaire\/#organization"},"potentialAction":[{"@type":"SearchAction","target":{"@type":"EntryPoint","urlTemplate":"https:\/\/www.ismreves.be\/primaire\/?s={search_term_string}"},"query-input":{"@type":"PropertyValueSpecification","valueRequired":true,"valueName":"search_term_string"}}],"inLanguage":"fr-BE"},{"@type":"Organization","@id":"https:\/\/www.ismreves.be\/primaire\/#organization","name":"ISM Reves Primaire","url":"https:\/\/www.ismreves.be\/primaire\/","logo":{"@type":"ImageObject","inLanguage":"fr-BE","@id":"https:\/\/www.ismreves.be\/primaire\/#\/schema\/logo\/image\/","url":"https:\/\/www.ismreves.be\/primaire\/wp-content\/uploads\/2025\/09\/cropped-Logo-Ecole.png","contentUrl":"https:\/\/www.ismreves.be\/primaire\/wp-content\/uploads\/2025\/09\/cropped-Logo-Ecole.png","width":1187,"height":711,"caption":"ISM Reves Primaire"},"image":{"@id":"https:\/\/www.ismreves.be\/primaire\/#\/schema\/logo\/image\/"}}]}},"_links":{"self":[{"href":"https:\/\/www.ismreves.be\/primaire\/index.php?rest_route=\/wp\/v2\/pages\/228","targetHints":{"allow":["GET"]}}],"collection":[{"href":"https:\/\/www.ismreves.be\/primaire\/index.php?rest_route=\/wp\/v2\/pages"}],"about":[{"href":"https:\/\/www.ismreves.be\/primaire\/index.php?rest_route=\/wp\/v2\/types\/page"}],"author":[{"embeddable":true,"href":"https:\/\/www.ismreves.be\/primaire\/index.php?rest_route=\/wp\/v2\/users\/1"}],"replies":[{"embeddable":true,"href":"https:\/\/www.ismreves.be\/primaire\/index.php?rest_route=%2Fwp%2Fv2%2Fcomments&post=228"}],"version-history":[{"count":15,"href":"https:\/\/www.ismreves.be\/primaire\/index.php?rest_route=\/wp\/v2\/pages\/228\/revisions"}],"predecessor-version":[{"id":469,"href":"https:\/\/www.ismreves.be\/primaire\/index.php?rest_route=\/wp\/v2\/pages\/228\/revisions\/469"}],"wp:attachment":[{"href":"https:\/\/www.ismreves.be\/primaire\/index.php?rest_route=%2Fwp%2Fv2%2Fmedia&parent=228"}],"curies":[{"name":"wp","href":"https:\/\/api.w.org\/{rel}","templated":true}]}}